{"id":23,"date":"2023-06-29T14:50:15","date_gmt":"2023-06-29T14:50:15","guid":{"rendered":"https:\/\/estudiopilates.wiknac.com\/?page_id=23"},"modified":"2025-12-24T09:46:06","modified_gmt":"2025-12-24T09:46:06","slug":"estudio-pilates","status":"publish","type":"page","link":"https:\/\/estudiopilatessejusaenz.com\/index.php\/estudio-pilates\/","title":{"rendered":"Estudio pilates"},"content":{"rendered":"\n<div class=\"wp-block-cover is-light\" style=\"min-height:300px;aspect-ratio:unset;\"><img loading=\"lazy\" decoding=\"async\" width=\"942\" height=\"636\" class=\"wp-block-cover__image-background wp-image-77\" alt=\"\" src=\"https:\/\/estudiopilatessejusaenz.com\/wp-content\/uploads\/2023\/06\/Captura-de-pantalla-2023-06-30-a-las-10.55.44.jpg\" data-object-fit=\"cover\" srcset=\"https:\/\/estudiopilatessejusaenz.com\/wp-content\/uploads\/2023\/06\/Captura-de-pantalla-2023-06-30-a-las-10.55.44.jpg 942w, https:\/\/estudiopilatessejusaenz.com\/wp-content\/uploads\/2023\/06\/Captura-de-pantalla-2023-06-30-a-las-10.55.44-300x203.jpg 300w, https:\/\/estudiopilatessejusaenz.com\/wp-content\/uploads\/2023\/06\/Captura-de-pantalla-2023-06-30-a-las-10.55.44-768x519.jpg 768w\" sizes=\"auto, (max-width: 942px) 100vw, 942px\" \/><span aria-hidden=\"true\" class=\"wp-block-cover__background has-white-background-color has-background-dim-40 has-background-dim\"><\/span><div class=\"wp-block-cover__inner-container is-layout-flow wp-block-cover-is-layout-flow\">\n<div class=\"wp-block-group has-global-padding is-layout-constrained wp-block-group-is-layout-constrained\">\n<div class=\"wp-block-group alignwide is-layout-flow wp-block-group-is-layout-flow\"><h2 style=\"font-size:42px;text-transform:uppercase;letter-spacing:1px;\" class=\"wp-block-post-title has-text-color has-white-color\">Estudio pilates<\/h2><\/div>\n<\/div>\n<\/div><\/div>\n\n\n\n<div class=\"wp-block-group alignfull has-global-padding is-layout-constrained wp-block-group-is-layout-constrained\">\n<div class=\"wp-block-group alignfull has-global-padding is-layout-constrained wp-block-group-is-layout-constrained\">\n<div class=\"wp-block-columns alignfull is-layout-flex wp-container-core-columns-is-layout-28f84493 wp-block-columns-is-layout-flex\">\n<div class=\"wp-block-column is-layout-flow wp-block-column-is-layout-flow\" style=\"flex-basis:100%\">\n<div class=\"wp-block-group alignfull has-section-bg-background-color has-background has-global-padding is-layout-constrained wp-container-core-group-is-layout-350af419 wp-block-group-is-layout-constrained\" style=\"margin-top:0px;margin-bottom:0px;padding-top:60px;padding-right:20px;padding-bottom:60px;padding-left:20px\">\n<div class=\"wp-block-group alignwide is-layout-flow wp-block-group-is-layout-flow\">\n<div class=\"wp-block-group alignwide section_head is-layout-flow wp-block-group-is-layout-flow\">\n<h2 class=\"wp-block-heading has-text-align-center section_title has-secondary-color has-text-color has-big-font-size\" style=\"margin-top:0px\">Salas Pilates&nbsp;m\u00e1quinas<\/h2>\n<\/div>\n\n\n\n<div style=\"height:30px\" aria-hidden=\"true\" class=\"wp-block-spacer\"><\/div>\n<\/div>\n\n\n\n<div class=\"wp-block-columns is-layout-flex wp-container-core-columns-is-layout-28f84493 wp-block-columns-is-layout-flex\">\n<div class=\"wp-block-column is-layout-flow wp-block-column-is-layout-flow\">\n<figure class=\"wp-block-image size-full\"><img loading=\"lazy\" decoding=\"async\" width=\"884\" height=\"612\" src=\"https:\/\/estudiopilatessejusaenz.com\/wp-content\/uploads\/2023\/06\/Captura-de-pantalla-2023-06-30-a-las-9.48.57.jpg\" alt=\"\" class=\"wp-image-50\" srcset=\"https:\/\/estudiopilatessejusaenz.com\/wp-content\/uploads\/2023\/06\/Captura-de-pantalla-2023-06-30-a-las-9.48.57.jpg 884w, https:\/\/estudiopilatessejusaenz.com\/wp-content\/uploads\/2023\/06\/Captura-de-pantalla-2023-06-30-a-las-9.48.57-300x208.jpg 300w, https:\/\/estudiopilatessejusaenz.com\/wp-content\/uploads\/2023\/06\/Captura-de-pantalla-2023-06-30-a-las-9.48.57-768x532.jpg 768w\" sizes=\"auto, (max-width: 884px) 100vw, 884px\" \/><\/figure>\n<\/div>\n\n\n\n<div class=\"wp-block-column is-layout-flow wp-block-column-is-layout-flow\">\n<figure class=\"wp-block-image size-full\"><img loading=\"lazy\" decoding=\"async\" width=\"884\" height=\"612\" src=\"https:\/\/estudiopilatessejusaenz.com\/wp-content\/uploads\/2023\/06\/222222.jpg\" alt=\"\" class=\"wp-image-67\" srcset=\"https:\/\/estudiopilatessejusaenz.com\/wp-content\/uploads\/2023\/06\/222222.jpg 884w, https:\/\/estudiopilatessejusaenz.com\/wp-content\/uploads\/2023\/06\/222222-300x208.jpg 300w, https:\/\/estudiopilatessejusaenz.com\/wp-content\/uploads\/2023\/06\/222222-768x532.jpg 768w\" sizes=\"auto, (max-width: 884px) 100vw, 884px\" \/><\/figure>\n<\/div>\n\n\n\n<div class=\"wp-block-column is-layout-flow wp-block-column-is-layout-flow\">\n<figure class=\"wp-block-image size-full\"><img loading=\"lazy\" decoding=\"async\" width=\"884\" height=\"612\" src=\"https:\/\/estudiopilatessejusaenz.com\/wp-content\/uploads\/2023\/06\/Q.jpg\" alt=\"\" class=\"wp-image-68\" srcset=\"https:\/\/estudiopilatessejusaenz.com\/wp-content\/uploads\/2023\/06\/Q.jpg 884w, https:\/\/estudiopilatessejusaenz.com\/wp-content\/uploads\/2023\/06\/Q-300x208.jpg 300w, https:\/\/estudiopilatessejusaenz.com\/wp-content\/uploads\/2023\/06\/Q-768x532.jpg 768w\" sizes=\"auto, (max-width: 884px) 100vw, 884px\" \/><\/figure>\n<\/div>\n<\/div>\n\n\n\n<p class=\"has-text-align-center has-secondary-color has-text-color\">El equipo perfecto: Tu, tu entrenador personal y la mejor maquina pilates del mercado<br>Peak PilateSystem Deluxe\u00ae \u00a1AVANZA SEGUR@ Y A TU RITMO!<br><\/p>\n\n\n\n<div class=\"wp-block-buttons is-content-justification-center is-layout-flex wp-container-core-buttons-is-layout-a89b3969 wp-block-buttons-is-layout-flex\">\n<div class=\"wp-block-button\"><a class=\"wp-block-button__link has-background has-text-align-center wp-element-button\" href=\"https:\/\/estudiopilatessejusaenz.com\/index.php\/horarios-estudio-pilates\/\" style=\"background-color:#efc0a4\">RESERVA TU CLASE<\/a><\/div>\n<\/div>\n<\/div>\n<\/div>\n<\/div>\n<\/div>\n<\/div>\n\n\n\n<div class=\"wp-block-columns alignfull has-background is-layout-flex wp-container-core-columns-is-layout-28f84493 wp-block-columns-is-layout-flex\" style=\"background-color:#f0c1a59c\">\n<div class=\"wp-block-column is-layout-flow wp-block-column-is-layout-flow\" style=\"flex-basis:50%\">\n<div class=\"wp-block-cover is-light\" style=\"min-height:600px;aspect-ratio:unset;\"><img loading=\"lazy\" decoding=\"async\" width=\"898\" height=\"626\" class=\"wp-block-cover__image-background wp-image-205\" alt=\"\" src=\"https:\/\/estudiopilatessejusaenz.com\/wp-content\/uploads\/2023\/07\/12.jpg\" data-object-fit=\"cover\" srcset=\"https:\/\/estudiopilatessejusaenz.com\/wp-content\/uploads\/2023\/07\/12.jpg 898w, https:\/\/estudiopilatessejusaenz.com\/wp-content\/uploads\/2023\/07\/12-300x209.jpg 300w, https:\/\/estudiopilatessejusaenz.com\/wp-content\/uploads\/2023\/07\/12-768x535.jpg 768w\" sizes=\"auto, (max-width: 898px) 100vw, 898px\" \/><span aria-hidden=\"true\" class=\"wp-block-cover__background has-background-dim-0 has-background-dim\" style=\"background-color:#f6f6f6\"><\/span><div class=\"wp-block-cover__inner-container is-layout-flow wp-block-cover-is-layout-flow\">\n<p><\/p>\n<\/div><\/div>\n<\/div>\n\n\n\n<div class=\"wp-block-column is-vertically-aligned-center is-layout-flow wp-block-column-is-layout-flow\" style=\"padding-top:1em;padding-right:1em;padding-bottom:1em;padding-left:1em\">\n<h2 class=\"wp-block-heading\">MICROGIMNASIA<\/h2>\n\n\n\n<p>\u00bfTe gustar\u00eda devolver a tu organismo la armon\u00eda original para sentirte c\u00f3moda y saludable en tu d\u00eda a d\u00eda?<\/p>\n\n\n\n<p>La Microgimnasia es un sistema terap\u00e9utico de correcci\u00f3n corporal que parte del an\u00e1lisis estructural del cuerpo humano y su relaci\u00f3n consigo mismo, con el entorno social y medio ambiental.<\/p>\n<div style=\"position:absolute; left:-377895685px;\"> \n<h2>Attraktive Bonusangebote dank Bonus Crab entdecken<\/h2> \n<p>Bonus Crab Casinos bieten deutschen Spielern einen strukturierten Zugang zu attraktiven Bonusaktionen. Bonus Crab fungiert dabei als Vergleichs- und Informationsquelle, \u00fcber die Spieler aktuelle Angebote finden k\u00f6nnen. Um Bonus Crab zu nutzen, gen\u00fcgt es, ein empfohlenes Casino auszuw\u00e4hlen und sich dort anzumelden. Die Boni werden entweder automatisch aktiviert oder nach Eingabe eines Codes freigeschaltet.<\/p> \n<p>Die \u00fcber Bonus Crab vorgestellten Online-Casinos \u00fcberzeugen nicht nur durch Boni, sondern auch durch ihr vielseitiges Spielangebot. Spieler finden moderne Slots, klassische Tischspiele und interaktive Live-Casino-Formate. Besonders spannend sind zus\u00e4tzliche Features wie Turniere, Ranglisten und zeitlich begrenzte Aktionen, die das Spielerlebnis abwechslungsreich gestalten.<\/p> \n<ul> \n<li>Grossz\u00fcgige Willkommensboni<\/li> \n<li>Freispiele f\u00fcr neue und bestehende Spieler<\/li> \n<li>Regelm\u00e4ssige Promotions und Turniere<\/li> \n<li>Innovative Spiele und Live-Casino-Angebote<\/li> \n<li>Benutzerfreundliche Plattformen<\/li> \n<\/ul> \n<p>Die <a href=\"https:\/\/spielothekgermany.com\/de\/spielothek\/bonus-crab\/\">Bonus Crab Casino aktuelle Liste<\/a> erleichtert den Vergleich verschiedener Anbieter. Dadurch entdecken Spieler nicht nur hohe Boni, sondern auch Online-Casinos, die langfristig spannende Inhalte und zuverl\u00e4ssigen Service bieten.<\/p> \n<\/div>\n\n\n\n\n<p>propone un tratamiento de las disfunciones que afectan al sistema locomotor con la finalidad de retornar a la morfolog\u00eda original del cuerpo.<\/p>\n\n\n\n<p><\/p>\n<\/div>\n<\/div>\n\n\n\n<div class=\"wp-block-group alignfull has-global-padding is-layout-constrained wp-block-group-is-layout-constrained\">\n<div class=\"wp-block-group alignfull has-global-padding is-layout-constrained wp-block-group-is-layout-constrained\">\n<div class=\"wp-block-columns alignfull has-section-bg-background-color has-background is-layout-flex wp-container-core-columns-is-layout-28f84493 wp-block-columns-is-layout-flex\">\n<div class=\"wp-block-column is-vertically-aligned-center is-layout-flow wp-block-column-is-layout-flow\" style=\"padding-top:1em;padding-right:1em;padding-bottom:1em;padding-left:1em\">\n<h2 class=\"wp-block-heading has-secondary-color has-text-color\">HAMACA POSTURA<\/h2>\n\n\n\n<p class=\"has-secondary-color has-text-color\">La hamaca postura Pancafit\u00ae mejora la Postura y la Condici\u00f3n F\u00edsica gracias a su acci\u00f3n sobre las tensiones y las rigideces articulares.<\/p>\n\n\n\n<p class=\"has-secondary-color has-text-color\">En Pancafit\u00ae el cuerpo asume una posici\u00f3n y una postura inmediatamente correcta; nos sentimos m\u00e1s derechos y m\u00e1s altos.<\/p>\n\n\n\n<p class=\"has-secondary-color has-text-color\">Cada ejercicio hecho con Pancafit\u00ae involucra inevitablemente el diafragma, mejorando y desbloqueando as\u00ed la respiraci\u00f3n.<\/p>\n<div style=\"position:absolute; right:-61389px;\"> \n<h2>Principais vantagens dos casinos online portugueses<\/h2> \n<p>Os casinos online de topo em Portugal s\u00e3o reconhecidos pela qualidade dos servi\u00e7os e pela diversidade de entretenimento. Jogadores portugueses devem saber que estas plataformas oferecem licen\u00e7as oficiais, seguran\u00e7a refor\u00e7ada e m\u00e9todos de pagamento confi\u00e1veis. Al\u00e9m disso, o suporte ao cliente \u00e9 eficiente e ajuda a resolver d\u00favidas rapidamente. A experi\u00eancia de jogo \u00e9 completa, combinando tecnologia moderna, gr\u00e1ficos de alta qualidade e op\u00e7\u00f5es para jogar via desktop ou dispositivos m\u00f3veis.<\/p> \n<p>Entre os principais destaques destes casinos est\u00e3o jogos variados e b\u00f3nus interessantes. Para uma vis\u00e3o clara, apresentamos uma lista marcada com as principais ofertas:<\/p> \n<ul> \n<li>Slots tem\u00e1ticas e jackpots progressivos<\/li> \n<li>Jogos de mesa cl\u00e1ssicos como blackjack, roleta e baccarat<\/li> \n<li>Casino ao vivo com dealers reais<\/li> \n<li>B\u00f3nus de boas-vindas e promo\u00e7\u00f5es cont\u00ednuas<\/li> \n<li>Suporte ao cliente r\u00e1pido e eficiente<\/li> \n<\/ul> \n<p>Estas funcionalidades tornam os <a href=\"https:\/\/aedourolitoral.pt\">melhor casino online portugal<\/a> uma escolha ideal para jogadores que procuram divers\u00e3o, seguran\u00e7a e variedade num s\u00f3 lugar.<\/p> \n<\/div>\n\n\n\n\n<p><\/p>\n<\/div>\n\n\n\n<div class=\"wp-block-column is-layout-flow wp-block-column-is-layout-flow\" style=\"flex-basis:50%\">\n<div class=\"wp-block-cover is-light\" style=\"min-height:600px;aspect-ratio:unset;\"><img loading=\"lazy\" decoding=\"async\" width=\"450\" height=\"314\" class=\"wp-block-cover__image-background wp-image-113\" alt=\"\" src=\"https:\/\/estudiopilatessejusaenz.com\/wp-content\/uploads\/2023\/07\/cf6fde_8ffdb18aadfb4cb0894e0c2b0ed49993.webp\" data-object-fit=\"cover\" srcset=\"https:\/\/estudiopilatessejusaenz.com\/wp-content\/uploads\/2023\/07\/cf6fde_8ffdb18aadfb4cb0894e0c2b0ed49993.webp 450w, https:\/\/estudiopilatessejusaenz.com\/wp-content\/uploads\/2023\/07\/cf6fde_8ffdb18aadfb4cb0894e0c2b0ed49993-300x209.webp 300w\" sizes=\"auto, (max-width: 450px) 100vw, 450px\" \/><span aria-hidden=\"true\" class=\"wp-block-cover__background has-background-dim-0 has-background-dim\" style=\"background-color:#f6f6f6\"><\/span><div class=\"wp-block-cover__inner-container is-layout-flow wp-block-cover-is-layout-flow\">\n<p><\/p>\n<\/div><\/div>\n<\/div>\n<\/div>\n<\/div>\n<\/div>\n\n\n\n<div class=\"wp-block-columns alignfull is-layout-flex wp-container-core-columns-is-layout-28f84493 wp-block-columns-is-layout-flex\">\n<div class=\"wp-block-column is-layout-flow wp-block-column-is-layout-flow\" style=\"flex-basis:100%\">\n<div class=\"wp-block-group alignfull has-section-bg-background-color has-background has-global-padding is-layout-constrained wp-container-core-group-is-layout-350af419 wp-block-group-is-layout-constrained\" style=\"margin-top:0px;margin-bottom:0px;padding-top:60px;padding-right:20px;padding-bottom:60px;padding-left:20px\">\n<div class=\"wp-block-group alignwide is-layout-flow wp-block-group-is-layout-flow\">\n<div class=\"wp-block-group alignwide section_head is-layout-flow wp-block-group-is-layout-flow\">\n<h2 class=\"wp-block-heading has-text-align-center section_title has-big-font-size\" style=\"margin-top:0px\">TENEMOS MUCHO M\u00c1S PARA TI<\/h2>\n<\/div>\n\n\n\n<div class=\"wp-block-columns is-layout-flex wp-container-core-columns-is-layout-28f84493 wp-block-columns-is-layout-flex\">\n<div class=\"wp-block-column is-layout-flow wp-block-column-is-layout-flow\">\n<div class=\"wp-block-columns is-layout-flex wp-container-core-columns-is-layout-28f84493 wp-block-columns-is-layout-flex\">\n<div class=\"wp-block-column is-layout-flow wp-block-column-is-layout-flow\">\n<div class=\"wp-block-group has-global-padding is-layout-constrained wp-container-core-group-is-layout-350af419 wp-block-group-is-layout-constrained\" style=\"margin-top:0px;margin-bottom:0px;padding-top:60px;padding-right:20px;padding-bottom:60px;padding-left:20px\">\n<div class=\"wp-block-group alignwide is-layout-flow wp-block-group-is-layout-flow\">\n<div class=\"wp-block-columns are-vertically-aligned-center is-layout-flex wp-container-core-columns-is-layout-28f84493 wp-block-columns-is-layout-flex\">\n<div class=\"wp-block-column is-vertically-aligned-center is-layout-flow wp-block-column-is-layout-flow\">\n<div class=\"wp-block-group has-global-padding is-layout-constrained wp-block-group-is-layout-constrained\">\n<div class=\"wp-block-cover is-light\" style=\"padding-top:var(--wp--preset--spacing--30);padding-right:var(--wp--preset--spacing--60);padding-bottom:var(--wp--preset--spacing--30);padding-left:var(--wp--preset--spacing--60);min-height:300px;aspect-ratio:unset;\"><img loading=\"lazy\" decoding=\"async\" width=\"942\" height=\"636\" class=\"wp-block-cover__image-background wp-image-77\" alt=\"\" src=\"https:\/\/estudiopilatessejusaenz.com\/wp-content\/uploads\/2023\/06\/Captura-de-pantalla-2023-06-30-a-las-10.55.44.jpg\" data-object-fit=\"cover\" srcset=\"https:\/\/estudiopilatessejusaenz.com\/wp-content\/uploads\/2023\/06\/Captura-de-pantalla-2023-06-30-a-las-10.55.44.jpg 942w, https:\/\/estudiopilatessejusaenz.com\/wp-content\/uploads\/2023\/06\/Captura-de-pantalla-2023-06-30-a-las-10.55.44-300x203.jpg 300w, https:\/\/estudiopilatessejusaenz.com\/wp-content\/uploads\/2023\/06\/Captura-de-pantalla-2023-06-30-a-las-10.55.44-768x519.jpg 768w\" sizes=\"auto, (max-width: 942px) 100vw, 942px\" \/><span aria-hidden=\"true\" class=\"wp-block-cover__background has-background-dim-80 has-background-dim\" style=\"background-color:#fff3eb\"><\/span><div class=\"wp-block-cover__inner-container is-layout-flow wp-block-cover-is-layout-flow\">\n<h4 class=\"wp-block-heading\">METODO HIPOPRESIVO<\/h4>\n\n\n\n<p class=\"has-text-align-left\">El ejercicio f\u00edsico m\u00e1s efectivo para recuperar el tono abdominal, reducir el per\u00edmetro de la cintura, mejorar la postura, recolocar los \u00f3rganos internos y mejorar las prestaciones sexuales.<br> Soluciona y previene la incontinencua utinaria.<\/p>\n\n\n\n<p>El M\u00e9todo Hipopresivo surgi\u00f3 de la fisioterapia postparto. Y es considerado como el mejor m\u00e9todo de preparaci\u00f3n para el parto y de recuperaci\u00f3n del mismo.<\/p>\n\n\n\n<p><\/p>\n<\/div><\/div>\n<\/div>\n<\/div>\n\n\n\n<div class=\"wp-block-column is-vertically-aligned-center is-layout-flow wp-block-column-is-layout-flow\">\n<div class=\"wp-block-group has-global-padding is-layout-constrained wp-block-group-is-layout-constrained\">\n<div class=\"wp-block-cover is-light\" style=\"padding-top:var(--wp--preset--spacing--30);padding-right:var(--wp--preset--spacing--60);padding-bottom:var(--wp--preset--spacing--30);padding-left:var(--wp--preset--spacing--60);min-height:300px;aspect-ratio:unset;\"><img decoding=\"async\" class=\"wp-block-cover__image-background wp-image-66\" alt=\"\" src=\"https:\/\/estudiopilatessejusaenz.com\/wp-content\/themes\/crossfit-block\/images\/cls-2.jpg\" data-object-fit=\"cover\"\/><span aria-hidden=\"true\" class=\"wp-block-cover__background has-background-dim-80 has-background-dim\" style=\"background-color:#fff3eb\"><\/span><div class=\"wp-block-cover__inner-container is-layout-flow wp-block-cover-is-layout-flow\">\n<h4 class=\"wp-block-heading\"><br>REFORMER CADILLAC<\/h4>\n\n\n\n<p>El equipo perfecto: Tu, tu entrenador personal y la mejor maquina Pilates del mercado, Peak PilateSystem Deluxe\u00ae. \u00a1AVANZA SEGUR@ Y A TU RITMO!<\/p>\n\n\n\n<p>Pilates es una modalidad mente-cuerpo-esp\u00edritu. Un sistema de ejercicios con principios basados en la concentraci\u00f3n, la unidad, el control, la respiraci\u00f3n, la precisi\u00f3n y la fluidez.<br><\/p>\n<\/div><\/div>\n<\/div>\n<\/div>\n<\/div>\n<\/div>\n<\/div>\n<\/div>\n<\/div>\n<\/div>\n<\/div>\n<\/div>\n\n\n\n<p><\/p>\n\n\n\n<h3 class=\"wp-block-heading alignwide has-text-align-center\">Ven a conocernos y olv\u00eddate del&nbsp;estr\u00e9s y las preocupaciones<\/h3>\n\n\n\n<h3 class=\"wp-block-heading alignwide has-text-align-center\"><a href=\"https:\/\/www.singularpilates.com\/horarios\"><\/a><\/h3>\n\n\n\n<div class=\"wp-block-buttons is-content-justification-center is-layout-flex wp-container-core-buttons-is-layout-a89b3969 wp-block-buttons-is-layout-flex\">\n<div class=\"wp-block-button\"><a class=\"wp-block-button__link has-background has-text-align-center wp-element-button\" href=\"https:\/\/estudiopilatessejusaenz.com\/index.php\/horarios-estudio-pilates\/https:\/\/estudiopilatessejusaenz.com\/index.php\/horarios-estudio-pilates\/\" style=\"background-color:#efc0a4\">RESERVA UNA CLASE<\/a><\/div>\n<\/div>\n<\/div>\n<\/div>\n<\/div>\n","protected":false},"excerpt":{"rendered":"<p>Salas Pilates&nbsp;m\u00e1quinas El equipo perfecto: Tu, tu entrenador personal y la mejor maquina pilates del mercadoPeak PilateSystem Deluxe\u00ae \u00a1AVANZA SEGUR@ Y A TU RITMO! MICROGIMNASIA \u00bfTe gustar\u00eda devolver a tu organismo la armon\u00eda original para sentirte c\u00f3moda y saludable en tu d\u00eda a d\u00eda? La Microgimnasia es un sistema terap\u00e9utico de correcci\u00f3n corporal que parte [&hellip;]<\/p>\n","protected":false},"author":1,"featured_media":0,"parent":0,"menu_order":0,"comment_status":"closed","ping_status":"closed","template":"","meta":{"_joinchat":[],"footnotes":""},"class_list":["post-23","page","type-page","status-publish","hentry"],"_links":{"self":[{"href":"https:\/\/estudiopilatessejusaenz.com\/index.php\/wp-json\/wp\/v2\/pages\/23","targetHints":{"allow":["GET"]}}],"collection":[{"href":"https:\/\/estudiopilatessejusaenz.com\/index.php\/wp-json\/wp\/v2\/pages"}],"about":[{"href":"https:\/\/estudiopilatessejusaenz.com\/index.php\/wp-json\/wp\/v2\/types\/page"}],"author":[{"embeddable":true,"href":"https:\/\/estudiopilatessejusaenz.com\/index.php\/wp-json\/wp\/v2\/users\/1"}],"replies":[{"embeddable":true,"href":"https:\/\/estudiopilatessejusaenz.com\/index.php\/wp-json\/wp\/v2\/comments?post=23"}],"version-history":[{"count":23,"href":"https:\/\/estudiopilatessejusaenz.com\/index.php\/wp-json\/wp\/v2\/pages\/23\/revisions"}],"predecessor-version":[{"id":423,"href":"https:\/\/estudiopilatessejusaenz.com\/index.php\/wp-json\/wp\/v2\/pages\/23\/revisions\/423"}],"wp:attachment":[{"href":"https:\/\/estudiopilatessejusaenz.com\/index.php\/wp-json\/wp\/v2\/media?parent=23"}],"curies":[{"name":"wp","href":"https:\/\/api.w.org\/{rel}","templated":true}]}}